{"id":7,"date":"2020-10-28T22:04:44","date_gmt":"2020-10-28T21:04:44","guid":{"rendered":"http:\/\/equitypartners.pl\/?page_id=7"},"modified":"2023-06-12T10:55:29","modified_gmt":"2023-06-12T08:55:29","slug":"nowe-muzeum-sztuki-nowoczesnej-otwarlo-swoje-powoje","status":"publish","type":"page","link":"https:\/\/equitypartners.pl\/","title":{"rendered":"Us\u0142ugi"},"content":{"rendered":"\t\t<div data-elementor-type=\"wp-page\" data-elementor-id=\"7\" class=\"elementor elementor-7\" data-elementor-settings=\"[]\">\n\t\t\t\t\t\t<div class=\"elementor-inner\">\n\t\t\t\t\t\t\t<div class=\"elementor-section-wrap\">\n\t\t\t\t\t\t\t<section class=\"elementor-section elementor-top-section elementor-element elementor-element-4f5c68d7 elementor-section-boxed elementor-section-height-default elementor-section-height-default\" data-id=\"4f5c68d7\" data-element_type=\"section\">\n\t\t\t\t\t\t<div class=\"elementor-container elementor-column-gap-default\">\n\t\t\t\t\t\t\t<div class=\"elementor-row\">\n\t\t\t\t\t<div class=\"elementor-column elementor-col-100 elementor-top-column elementor-element elementor-element-1f87e1df\" data-id=\"1f87e1df\" data-element_type=\"column\">\n\t\t\t<div class=\"elementor-column-wrap elementor-element-populated\">\n\t\t\t\t\t\t\t<div class=\"elementor-widget-wrap\">\n\t\t\t\t\t\t<div class=\"elementor-element elementor-element-1622c213 elementor-widget elementor-widget-text-editor\" data-id=\"1622c213\" data-element_type=\"widget\" data-widget_type=\"text-editor.default\">\n\t\t\t\t<div class=\"elementor-widget-container\">\n\t\t\t\t\t<div class=\"elementor-text-editor elementor-clearfix\"><p><!-- wp:group {\"align\":\"wide\"} --><\/p>\n<div>\n<div>\n<p><!-- wp:heading {\"level\":6,\"className\":\"has-text-align-center\"} --><\/p>\n<h6>Oferujemy<strong> bogate kompetencje zarz\u0105dcze w ramach finans\u00f3w, sprzeda\u017cy I logistyki. Przeprowadzamy TRANSAKCJE M&amp;A, Restrukturyzacje przedsi\u0119biorstw, przygotowujemy plany naprawcze <\/strong><\/h6>\n<p><!-- \/wp:heading --><\/p>\n<\/div>\n<\/div>\n<p><!-- \/wp:group --><\/p>\n<p><!-- wp:columns {\"align\":\"wide\"} --><\/p>\n<div>\n<p><!-- wp:column --><\/p>\n<div>\n<p><!-- wp:group --><\/p>\n<div>\n<div>\n<p><!-- wp:heading {\"level\":3} --><\/p>\n<h3>Zarz\u0105dzanie Tymczasowe<\/h3>\n<p><!-- \/wp:heading --><\/p>\n<p><!-- wp:paragraph --><\/p>\n<p>Oferujmy bogate kompetencje zarz\u0105dcze w ramach finans\u00f3w, sprzeda\u017cy i logistyki. Restrukturyzacje przedsi\u0119biorstw, przygotowanie plan\u00f3w naprawczych<\/p>\n<p><!-- \/wp:paragraph --><\/p>\n<\/div>\n<\/div>\n<p><!-- \/wp:group --><\/p>\n<p><!-- wp:group {\"align\":\"full\"} --><\/p>\n<div>\n<div>\n<p><!-- wp:group --><\/p>\n<div>\n<div>\n<p><!-- wp:gallery {\"ids\":[42]} --><\/p>\n<figure>\n<ul>\n<li>\n<figure><img decoding=\"async\" src=\"http:\/\/equitypartners.pl\/wp-content\/uploads\/2020\/10\/Bloomberg-1024x576.png\" alt=\"\" data-id=\"42\" data-full-url=\"http:\/\/equitypartners.pl\/wp-content\/uploads\/2020\/10\/Bloomberg.png\" data-link=\"http:\/\/equitypartners.pl\/?attachment_id=42\"><\/figure>\n<\/li>\n<\/ul>\n<\/figure>\n<p><!-- \/wp:gallery --><\/p>\n<\/div>\n<\/div>\n<p><!-- \/wp:group --><\/p>\n<\/div>\n<\/div>\n<p><!-- \/wp:group --><\/p>\n<p><!-- wp:group --><\/p>\n<div>\n<div>\n<p><!-- wp:heading {\"level\":3} --><\/p>\n<h3>Wdro\u017cenia Rozwi\u0105za\u0144 IT oraz CFL<\/h3>\n<p><!-- \/wp:heading --><\/p>\n<\/div>\n<\/div>\n<p><!-- \/wp:group --><\/p>\n<p><!-- wp:paragraph {\"align\":\"left\"} --><\/p>\n<p>Project management jest najwa\u017cniejsz\u0105 zadaniem w czasie implementacji rozwi\u0105za\u0144. Dysponujemy know how jak to zrobi\u0107 najwydajniej i trwale. Ka\u017cdy u\u017cytkownik musi rozumie\u0107 cel wdro\u017cenia. Usprawnienie \u015brodowiska proces\u00f3w i pracy jest kluczowe. Dysponujemy partnerami IT.<\/p>\n<p><!-- \/wp:paragraph --><\/p>\n<\/div>\n<p><!-- \/wp:column --><\/p>\n<p><!-- wp:column --><\/p>\n<div>\n<p><!-- wp:group --><\/p>\n<div>\n<div>\n<p><!-- wp:heading {\"level\":3} --><\/p>\n<h3>Audyt Operacyjno-Finansowy<\/h3>\n<p><!-- \/wp:heading --><\/p>\n<p><!-- wp:paragraph --><\/p>\n<p>Poznanie specyfiki firmy jest najistotniejsz\u0105 spraw\u0105 na drodze do poprawnych rekomendacji i zmian. Zawsze przeprowadzamy gruntowny audyt modus-operandi zwracaj\u0105c szczeg\u00f3lna uwag\u0119 na procesy tworz\u0105ce najwi\u0119ksza warto\u015b\u0107 dodan\u0105.&nbsp; Ogromne znaczenie ma poprawnie ustawione \u015brodowisko ERP oraz narz\u0119dzia Business Intelligence<\/p>\n<p><!-- \/wp:paragraph --><\/p>\n<p><!-- wp:button {\"className\":\"is-style-outline\"} --><\/p>\n<div><a href=\"https:\/\/make.wordpress.org\/core\/2019\/09\/27\/block-editor-theme-related-updates-in-wordpress-5-3\/\">Czytaj wi\u0119cej<\/a><\/div>\n<p><!-- \/wp:button --><\/p>\n<\/div>\n<\/div>\n<p><!-- \/wp:group --><\/p>\n<p><!-- wp:group --><\/p>\n<div>\n<div>\n<p><!-- wp:image {\"align\":\"full\",\"id\":65,\"sizeSlug\":\"large\"} --><\/p>\n<figure><img decoding=\"async\" src=\"http:\/\/equitypartners.pl\/wp-content\/uploads\/2020\/10\/DSC00442-1024x768.jpg\" alt=\"\"><\/figure>\n<p><!-- \/wp:image --><\/p>\n<p><!-- wp:button {\"className\":\"is-style-outline\"} --><\/p>\n<div><a href=\"https:\/\/make.wordpress.org\/core\/2019\/09\/27\/block-editor-theme-related-updates-in-wordpress-5-3\/\">Czytaj wi\u0119cej<\/a><\/div>\n<p><!-- \/wp:button --><\/p>\n<\/div>\n<\/div>\n<p><!-- \/wp:group --><\/p>\n<\/div>\n<p><!-- \/wp:column --><\/p>\n<\/div>\n<p><!-- \/wp:columns --><\/p>\n<p><!-- wp:group {\"align\":\"wide\"} --><\/p>\n<div>\n<div>\n<p><!-- wp:heading --><\/p>\n<h2>Pomoc przy post\u0119powaniu restrukturyzacyjnym<\/h2>\n<p>Wprowadzone od 01 grudnia 2021 na sta\u0142e tzw Elementy Dyrektywy Drugiej Szansy w polskim porz\u0105dku prawnym Uproszczone Post\u0119powanie Restrukturyzacyjne (UPR) \u2013 daje wiele szans przedsi\u0119biorcom i stanowi <strong>element wczesnego ostrzegania, umarza d\u0142ugi i wprowadza procedur\u0119 restrukturyzacji. <\/strong>Post\u0119powanie prowadzone bez udzia\u0142u s\u0105du i wprowadza natychmiast element ochrony przedsi\u0119biorcy przed d\u0142u\u017cnikami. Przygotujemy i wdro\u017cymy plan plan kompleksowej reorganizacji firmy.&nbsp; <\/p>\n<p><\/p>\n<h2>Private Wealth<\/h2>\n<p><!-- \/wp:heading --><\/p>\n<\/div>\n<\/div>\n<p><!-- \/wp:group --><\/p>\n<p><!-- wp:paragraph --><\/p>\n<p>Doskona\u0142e zrozumienie sytuacji materialnej pozwala oceni\u0107 sk\u0142onno\u015b\u0107 do ryzyka. Dokonujemy audytu zrealizowanych i obecnych inwestycji typu Equity, Fixed Income czy Inwestycji w Aktywa Alternatywne. Wskazujemy obszary do poprawy i kierunki dzia\u0142ania, je\u015bli wnioski tego wmagaj\u0105.<\/p>\n<p><!-- \/wp:paragraph --><\/p>\n<p><!-- wp:paragraph --><\/p>\n<p>Nie prowadzimy zarz\u0105dzania instrumentami finansowymi.<\/p>\n<p><!-- \/wp:paragraph --><\/p>\n<p>Wkr\u00f3tce b\u0119dzie dost\u0119pne<\/p><\/div>\n\t\t\t\t<\/div>\n\t\t\t\t<\/div>\n\t\t\t\t\t\t<\/div>\n\t\t\t\t\t<\/div>\n\t\t<\/div>\n\t\t\t\t\t\t\t\t<\/div>\n\t\t\t\t\t<\/div>\n\t\t<\/section>\n\t\t\t\t\t\t<\/div>\n\t\t\t\t\t\t<\/div>\n\t\t\t\t\t<\/div>\n\t\t","protected":false},"excerpt":{"rendered":"<p>Oferujemy bogate kompetencje zarz\u0105dcze w ramach finans\u00f3w, sprzeda\u017cy I logistyki. Przeprowadzamy TRANSAKCJE M&amp;A, Restrukturyzacje przedsi\u0119biorstw, przygotowujemy plany naprawcze Zarz\u0105dzanie Tymczasowe Oferujmy bogate kompetencje zarz\u0105dcze w ramach finans\u00f3w, sprzeda\u017cy i logistyki. Restrukturyzacje przedsi\u0119biorstw, przygotowanie plan\u00f3w naprawczych Wdro\u017cenia Rozwi\u0105za\u0144 IT oraz CFL Project management jest najwa\u017cniejsz\u0105 zadaniem w czasie implementacji rozwi\u0105za\u0144. Dysponujemy know how jak to zrobi\u0107 [&hellip;]<\/p>\n","protected":false},"author":1,"featured_media":0,"parent":0,"menu_order":0,"comment_status":"closed","ping_status":"closed","template":"","meta":{"footnotes":""},"aioseo_notices":[],"_links":{"self":[{"href":"https:\/\/equitypartners.pl\/index.php?rest_route=\/wp\/v2\/pages\/7"}],"collection":[{"href":"https:\/\/equitypartners.pl\/index.php?rest_route=\/wp\/v2\/pages"}],"about":[{"href":"https:\/\/equitypartners.pl\/index.php?rest_route=\/wp\/v2\/types\/page"}],"author":[{"embeddable":true,"href":"https:\/\/equitypartners.pl\/index.php?rest_route=\/wp\/v2\/users\/1"}],"replies":[{"embeddable":true,"href":"https:\/\/equitypartners.pl\/index.php?rest_route=%2Fwp%2Fv2%2Fcomments&post=7"}],"version-history":[{"count":44,"href":"https:\/\/equitypartners.pl\/index.php?rest_route=\/wp\/v2\/pages\/7\/revisions"}],"predecessor-version":[{"id":162,"href":"https:\/\/equitypartners.pl\/index.php?rest_route=\/wp\/v2\/pages\/7\/revisions\/162"}],"wp:attachment":[{"href":"https:\/\/equitypartners.pl\/index.php?rest_route=%2Fwp%2Fv2%2Fmedia&parent=7"}],"curies":[{"name":"wp","href":"https:\/\/api.w.org\/{rel}","templated":true}]}}